{"id":36,"date":"2022-11-07T20:09:52","date_gmt":"2022-11-07T19:09:52","guid":{"rendered":"https:\/\/parafia-karczmiska.pl\/?page_id=36"},"modified":"2023-05-10T12:16:13","modified_gmt":"2023-05-10T10:16:13","slug":"porzadek-mszy-swietych","status":"publish","type":"page","link":"https:\/\/parafia-karczmiska.pl\/?page_id=36","title":{"rendered":"PORZ\u0104DEK MSZY \u015aWI\u0118TYCH"},"content":{"rendered":"\n<h1 class=\"wp-block-heading has-text-align-center\">Msze \u015awi\u0119te:<\/h1>\n\n\n\n<p><\/p>\n\n\n\n<h2 class=\"wp-block-heading has-text-align-center\">Niedziele i \u015bwi\u0119ta:<\/h2>\n\n\n\n<p class=\"has-text-align-center\"><strong>7:30, 10:00, 11:30<\/strong><\/p>\n\n\n\n<h2 class=\"wp-block-heading has-text-align-center\">Dni powszednie:<\/h2>\n\n\n\n<p class=\"has-text-align-center\"><strong>16:30, 17:00<\/strong><\/p>\n\n\n\n<h2 class=\"wp-block-heading has-text-align-center\">Kaplica w Chodliku (Niedziele):<\/h2>\n\n\n\n<p class=\"has-text-align-center\"><strong>8:45<\/strong><\/p>\n\n\n\n<h2 class=\"wp-block-heading has-text-align-center\">ODPUSTY:<\/h2>\n\n\n\n<p class=\"has-text-align-center\"><strong>MB Szkaplerznej &#8211; niedziela po 16.07<br>\u015bw. Wawrzy\u0144ca &#8211; w dniu 10.08<\/strong><\/p>\n","protected":false},"excerpt":{"rendered":"<p>Msze \u015awi\u0119te: Niedziele i \u015bwi\u0119ta: 7:30, 10:00, 11:30 Dni powszednie: 16:30, 17:00 Kaplica w Chodliku (Niedziele): 8:45 ODPUSTY: MB Szkaplerznej &#8211; niedziela po 16.07\u015bw. Wawrzy\u0144ca &#8211; w dniu 10.08<\/p>\n","protected":false},"author":2,"featured_media":0,"parent":2,"menu_order":0,"comment_status":"closed","ping_status":"closed","template":"page-full-width.php","meta":{"footnotes":""},"class_list":["entry","page","publish","author-admin-2","post-36"],"yoast_head":"<!-- This site is optimized with the Yoast SEO plugin v27.1.1 - https:\/\/yoast.com\/product\/yoast-seo-wordpress\/ -->\n<title>PORZ\u0104DEK MSZY \u015aWI\u0118TYCH - Parafia \u015bw. Wawrzy\u0144ca w Karczmiskach<\/title>\n<meta name=\"robots\" content=\"index, follow, max-snippet:-1, max-image-preview:large, max-video-preview:-1\" \/>\n<link rel=\"canonical\" href=\"https:\/\/parafia-karczmiska.pl\/?page_id=36\" \/>\n<meta property=\"og:locale\" content=\"pl_PL\" \/>\n<meta property=\"og:type\" content=\"article\" \/>\n<meta property=\"og:title\" content=\"PORZ\u0104DEK MSZY \u015aWI\u0118TYCH - Parafia \u015bw. Wawrzy\u0144ca w Karczmiskach\" \/>\n<meta property=\"og:description\" content=\"Msze \u015awi\u0119te: Niedziele i \u015bwi\u0119ta: 7:30, 10:00, 11:30 Dni powszednie: 16:30, 17:00 Kaplica w Chodliku (Niedziele): 8:45 ODPUSTY: MB Szkaplerznej &#8211; niedziela po 16.07\u015bw. Wawrzy\u0144ca &#8211; w dniu 10.08\" \/>\n<meta property=\"og:url\" content=\"https:\/\/parafia-karczmiska.pl\/?page_id=36\" \/>\n<meta property=\"og:site_name\" content=\"Parafia \u015bw. Wawrzy\u0144ca w Karczmiskach\" \/>\n<meta property=\"article:modified_time\" content=\"2023-05-10T10:16:13+00:00\" \/>\n<meta name=\"twitter:card\" content=\"summary_large_image\" \/>\n<meta name=\"twitter:label1\" content=\"Szacowany czas czytania\" \/>\n\t<meta name=\"twitter:data1\" content=\"1 minuta\" \/>\n<script type=\"application\/ld+json\" class=\"yoast-schema-graph\">{\"@context\":\"https:\/\/schema.org\",\"@graph\":[{\"@type\":\"WebPage\",\"@id\":\"https:\/\/parafia-karczmiska.pl\/?page_id=36\",\"url\":\"https:\/\/parafia-karczmiska.pl\/?page_id=36\",\"name\":\"PORZ\u0104DEK MSZY \u015aWI\u0118TYCH - Parafia \u015bw. Wawrzy\u0144ca w Karczmiskach\",\"isPartOf\":{\"@id\":\"https:\/\/parafia-karczmiska.pl\/#website\"},\"datePublished\":\"2022-11-07T19:09:52+00:00\",\"dateModified\":\"2023-05-10T10:16:13+00:00\",\"breadcrumb\":{\"@id\":\"https:\/\/parafia-karczmiska.pl\/?page_id=36#breadcrumb\"},\"inLanguage\":\"pl-PL\",\"potentialAction\":[{\"@type\":\"ReadAction\",\"target\":[\"https:\/\/parafia-karczmiska.pl\/?page_id=36\"]}]},{\"@type\":\"BreadcrumbList\",\"@id\":\"https:\/\/parafia-karczmiska.pl\/?page_id=36#breadcrumb\",\"itemListElement\":[{\"@type\":\"ListItem\",\"position\":1,\"name\":\"Strona g\u0142\u00f3wna\",\"item\":\"https:\/\/parafia-karczmiska.pl\/\"},{\"@type\":\"ListItem\",\"position\":2,\"name\":\"MSZE \u015aW. I NABO\u017bE\u0143STWA\",\"item\":\"https:\/\/parafia-karczmiska.pl\/?page_id=2\"},{\"@type\":\"ListItem\",\"position\":3,\"name\":\"PORZ\u0104DEK MSZY \u015aWI\u0118TYCH\"}]},{\"@type\":\"WebSite\",\"@id\":\"https:\/\/parafia-karczmiska.pl\/#website\",\"url\":\"https:\/\/parafia-karczmiska.pl\/\",\"name\":\"Parafia \u015bw. Wawrzy\u0144ca w Karczmiskach\",\"description\":\"Strona Parafii w Karczmiskach\",\"publisher\":{\"@id\":\"https:\/\/parafia-karczmiska.pl\/#organization\"},\"potentialAction\":[{\"@type\":\"SearchAction\",\"target\":{\"@type\":\"EntryPoint\",\"urlTemplate\":\"https:\/\/parafia-karczmiska.pl\/?s={search_term_string}\"},\"query-input\":{\"@type\":\"PropertyValueSpecification\",\"valueRequired\":true,\"valueName\":\"search_term_string\"}}],\"inLanguage\":\"pl-PL\"},{\"@type\":\"Organization\",\"@id\":\"https:\/\/parafia-karczmiska.pl\/#organization\",\"name\":\"Parafia \u015bw. Wawrzy\u0144ca w Karczmiskach\",\"url\":\"https:\/\/parafia-karczmiska.pl\/\",\"logo\":{\"@type\":\"ImageObject\",\"inLanguage\":\"pl-PL\",\"@id\":\"https:\/\/parafia-karczmiska.pl\/#\/schema\/logo\/image\/\",\"url\":\"https:\/\/parafia-karczmiska.pl\/wp-content\/uploads\/2022\/11\/favicon.jpg\",\"contentUrl\":\"https:\/\/parafia-karczmiska.pl\/wp-content\/uploads\/2022\/11\/favicon.jpg\",\"width\":512,\"height\":512,\"caption\":\"Parafia \u015bw. Wawrzy\u0144ca w Karczmiskach\"},\"image\":{\"@id\":\"https:\/\/parafia-karczmiska.pl\/#\/schema\/logo\/image\/\"}}]}<\/script>\n<!-- \/ Yoast SEO plugin. -->","yoast_head_json":{"title":"PORZ\u0104DEK MSZY \u015aWI\u0118TYCH - Parafia \u015bw. Wawrzy\u0144ca w Karczmiskach","robots":{"index":"index","follow":"follow","max-snippet":"max-snippet:-1","max-image-preview":"max-image-preview:large","max-video-preview":"max-video-preview:-1"},"canonical":"https:\/\/parafia-karczmiska.pl\/?page_id=36","og_locale":"pl_PL","og_type":"article","og_title":"PORZ\u0104DEK MSZY \u015aWI\u0118TYCH - Parafia \u015bw. Wawrzy\u0144ca w Karczmiskach","og_description":"Msze \u015awi\u0119te: Niedziele i \u015bwi\u0119ta: 7:30, 10:00, 11:30 Dni powszednie: 16:30, 17:00 Kaplica w Chodliku (Niedziele): 8:45 ODPUSTY: MB Szkaplerznej &#8211; niedziela po 16.07\u015bw. Wawrzy\u0144ca &#8211; w dniu 10.08","og_url":"https:\/\/parafia-karczmiska.pl\/?page_id=36","og_site_name":"Parafia \u015bw. Wawrzy\u0144ca w Karczmiskach","article_modified_time":"2023-05-10T10:16:13+00:00","twitter_card":"summary_large_image","twitter_misc":{"Szacowany czas czytania":"1 minuta"},"schema":{"@context":"https:\/\/schema.org","@graph":[{"@type":"WebPage","@id":"https:\/\/parafia-karczmiska.pl\/?page_id=36","url":"https:\/\/parafia-karczmiska.pl\/?page_id=36","name":"PORZ\u0104DEK MSZY \u015aWI\u0118TYCH - Parafia \u015bw. Wawrzy\u0144ca w Karczmiskach","isPartOf":{"@id":"https:\/\/parafia-karczmiska.pl\/#website"},"datePublished":"2022-11-07T19:09:52+00:00","dateModified":"2023-05-10T10:16:13+00:00","breadcrumb":{"@id":"https:\/\/parafia-karczmiska.pl\/?page_id=36#breadcrumb"},"inLanguage":"pl-PL","potentialAction":[{"@type":"ReadAction","target":["https:\/\/parafia-karczmiska.pl\/?page_id=36"]}]},{"@type":"BreadcrumbList","@id":"https:\/\/parafia-karczmiska.pl\/?page_id=36#breadcrumb","itemListElement":[{"@type":"ListItem","position":1,"name":"Strona g\u0142\u00f3wna","item":"https:\/\/parafia-karczmiska.pl\/"},{"@type":"ListItem","position":2,"name":"MSZE \u015aW. I NABO\u017bE\u0143STWA","item":"https:\/\/parafia-karczmiska.pl\/?page_id=2"},{"@type":"ListItem","position":3,"name":"PORZ\u0104DEK MSZY \u015aWI\u0118TYCH"}]},{"@type":"WebSite","@id":"https:\/\/parafia-karczmiska.pl\/#website","url":"https:\/\/parafia-karczmiska.pl\/","name":"Parafia \u015bw. Wawrzy\u0144ca w Karczmiskach","description":"Strona Parafii w Karczmiskach","publisher":{"@id":"https:\/\/parafia-karczmiska.pl\/#organization"},"potentialAction":[{"@type":"SearchAction","target":{"@type":"EntryPoint","urlTemplate":"https:\/\/parafia-karczmiska.pl\/?s={search_term_string}"},"query-input":{"@type":"PropertyValueSpecification","valueRequired":true,"valueName":"search_term_string"}}],"inLanguage":"pl-PL"},{"@type":"Organization","@id":"https:\/\/parafia-karczmiska.pl\/#organization","name":"Parafia \u015bw. Wawrzy\u0144ca w Karczmiskach","url":"https:\/\/parafia-karczmiska.pl\/","logo":{"@type":"ImageObject","inLanguage":"pl-PL","@id":"https:\/\/parafia-karczmiska.pl\/#\/schema\/logo\/image\/","url":"https:\/\/parafia-karczmiska.pl\/wp-content\/uploads\/2022\/11\/favicon.jpg","contentUrl":"https:\/\/parafia-karczmiska.pl\/wp-content\/uploads\/2022\/11\/favicon.jpg","width":512,"height":512,"caption":"Parafia \u015bw. Wawrzy\u0144ca w Karczmiskach"},"image":{"@id":"https:\/\/parafia-karczmiska.pl\/#\/schema\/logo\/image\/"}}]}},"_links":{"self":[{"href":"https:\/\/parafia-karczmiska.pl\/index.php?rest_route=\/wp\/v2\/pages\/36","targetHints":{"allow":["GET"]}}],"collection":[{"href":"https:\/\/parafia-karczmiska.pl\/index.php?rest_route=\/wp\/v2\/pages"}],"about":[{"href":"https:\/\/parafia-karczmiska.pl\/index.php?rest_route=\/wp\/v2\/types\/page"}],"author":[{"embeddable":true,"href":"https:\/\/parafia-karczmiska.pl\/index.php?rest_route=\/wp\/v2\/users\/2"}],"replies":[{"embeddable":true,"href":"https:\/\/parafia-karczmiska.pl\/index.php?rest_route=%2Fwp%2Fv2%2Fcomments&post=36"}],"version-history":[{"count":10,"href":"https:\/\/parafia-karczmiska.pl\/index.php?rest_route=\/wp\/v2\/pages\/36\/revisions"}],"predecessor-version":[{"id":209,"href":"https:\/\/parafia-karczmiska.pl\/index.php?rest_route=\/wp\/v2\/pages\/36\/revisions\/209"}],"up":[{"embeddable":true,"href":"https:\/\/parafia-karczmiska.pl\/index.php?rest_route=\/wp\/v2\/pages\/2"}],"wp:attachment":[{"href":"https:\/\/parafia-karczmiska.pl\/index.php?rest_route=%2Fwp%2Fv2%2Fmedia&parent=36"}],"curies":[{"name":"wp","href":"https:\/\/api.w.org\/{rel}","templated":true}]}}