{"id":22,"date":"2022-11-07T20:04:28","date_gmt":"2022-11-07T19:04:28","guid":{"rendered":"https:\/\/parafia-karczmiska.pl\/?page_id=22"},"modified":"2022-11-08T21:13:33","modified_gmt":"2022-11-08T20:13:33","slug":"chrzest-swiety","status":"publish","type":"page","link":"https:\/\/parafia-karczmiska.pl\/?page_id=22","title":{"rendered":"CHRZEST \u015aWI\u0118TY"},"content":{"rendered":"\n<p class=\"has-text-align-center\"><strong>Sakrament Chrztu \u015bwi\u0119tego udzielany jest w naszej parafii w ka\u017cd\u0105 niedziel\u0119 miesi\u0105ca. <br>Kilka dni przed zaplanowanym chrztem do kancelarii zg\u0142asza si\u0119 jedno (przynajmniej!) z rodzic\u00f3w dziecka z odpisem aktu urodzenia dziecka z USC. Je\u015bli rodzice nie mieszkaj\u0105 w naszej parafii, powinni mie\u0107 ze swojej parafii zgod\u0119 na chrzest u nas.\u00a0Rodzice chrzestni\u00a0musz\u0105 posiada\u0107 w dniu chrztu za\u015bwiadczenie ze swoich parafii.<\/strong><\/p>\n\n\n\n<p class=\"has-text-align-center\"><strong>Przypomnijmy, co odno\u015bnie rodzic\u00f3w chrzestnych m\u00f3wi Kodeks Prawa Kanonicznego            (<em>obowi\u0105zuj\u0105cy w ca\u0142ym Ko\u015bciele katolickim!<\/em>)<\/strong><\/p>\n\n\n\n<p class=\"has-text-align-center\"><strong>\u201eKan. 874. \u00a7 1. Do przyj\u0119cia zadania chrzestnego mo\u017ce by\u0107 dopuszczony ten, kto:<\/strong><\/p>\n\n\n\n<p class=\"has-text-align-center\"><strong>1\u00b0 Jest wyznaczony przez przyjmuj\u0105cego chrzest albo przez jego rodzic\u00f3w, albo przez tego, kto ich zast\u0119puje, a gdy tych nie ma, przez proboszcza lub szafarza chrztu, i posiada wymagane do tego kwalifikacje oraz intencj\u0119 pe\u0142nienia tego zadania;<\/strong><\/p>\n\n\n\n<p class=\"has-text-align-center\"><strong>2\u00b0\u00a0Uko\u0144czy\u0142 szesna\u015bcie lat, chyba \u017ce biskup diecezjalny okre\u015bli\u0142 inny wiek albo proboszcz lub szafarz jest zdania, \u017ce s\u0142uszna przyczyna zaleca dopuszczenie wyj\u0105tku;<\/strong><\/p>\n\n\n\n<p class=\"has-text-align-center\"><strong>3\u00b0\u00a0Jest katolikiem, bierzmowanym\u00a0i przyj\u0105\u0142 ju\u017c sakrament Naj\u015bwi\u0119tszej Eucharystii oraz\u00a0prowadzi \u017cycie zgodne z wiar\u0105 i odpowiadaj\u0105ce funkcji, jak\u0105 ma pe\u0142ni\u0107;\u00a0*)<\/strong><\/p>\n\n\n\n<p class=\"has-text-align-center\"><strong>4\u00b0 Jest wolny od jakiejkolwiek kary kanonicznej, zgodnie z prawem wymierzonej lub deklarowanej;<\/strong><\/p>\n\n\n\n<p class=\"has-text-align-center\"><strong>*)\u00a0nie mo\u017ce wi\u0119c by\u0107 ojcem ani matk\u0105 chrzestn\u0105 osoba \u017cyj\u0105ca w zwi\u0105zku niesakramentalnym\u00a0lub\u00a0kto\u015b, kto nie ucz\u0119szcza\u0142 w lekcje religii\u00a0(<em>np. w szkole \u015bredniej<\/em>), albo kto jest znany powszechnie w \u015brodowisku z swoich deklaracji \u2013 cho\u0107by tylko s\u0142ownych \u2013 przeciw Bogu, moralno\u015bci czy Ko\u015bcio\u0142owi.<\/strong><\/p>\n","protected":false},"excerpt":{"rendered":"<p>Sakrament Chrztu \u015bwi\u0119tego udzielany jest w naszej parafii w ka\u017cd\u0105 niedziel\u0119 miesi\u0105ca. Kilka dni przed zaplanowanym chrztem do kancelarii zg\u0142asza si\u0119 jedno (przynajmniej!) z rodzic\u00f3w dziecka z odpisem aktu urodzenia dziecka z USC. Je\u015bli rodzice nie mieszkaj\u0105 w naszej parafii, powinni mie\u0107 ze swojej parafii zgod\u0119 na chrzest u nas.\u00a0Rodzice chrzestni\u00a0musz\u0105 posiada\u0107 w dniu chrztu &#8230; <span class=\"more\"><a class=\"more-link\" href=\"https:\/\/parafia-karczmiska.pl\/?page_id=22\">[Przeczytaj wi\u0119cej&#8230;]<\/a><\/span><\/p>\n","protected":false},"author":2,"featured_media":0,"parent":13,"menu_order":1,"comment_status":"closed","ping_status":"closed","template":"page-full-width.php","meta":{"footnotes":""},"class_list":["entry","page","publish","author-admin-2","post-22"],"yoast_head":"<!-- This site is optimized with the Yoast SEO plugin v27.1.1 - https:\/\/yoast.com\/product\/yoast-seo-wordpress\/ -->\n<title>CHRZEST \u015aWI\u0118TY - Parafia \u015bw. Wawrzy\u0144ca w Karczmiskach<\/title>\n<meta name=\"robots\" content=\"index, follow, max-snippet:-1, max-image-preview:large, max-video-preview:-1\" \/>\n<link rel=\"canonical\" href=\"https:\/\/parafia-karczmiska.pl\/?page_id=22\" \/>\n<meta property=\"og:locale\" content=\"pl_PL\" \/>\n<meta property=\"og:type\" content=\"article\" \/>\n<meta property=\"og:title\" content=\"CHRZEST \u015aWI\u0118TY - Parafia \u015bw. Wawrzy\u0144ca w Karczmiskach\" \/>\n<meta property=\"og:description\" content=\"Sakrament Chrztu \u015bwi\u0119tego udzielany jest w naszej parafii w ka\u017cd\u0105 niedziel\u0119 miesi\u0105ca. Kilka dni przed zaplanowanym chrztem do kancelarii zg\u0142asza si\u0119 jedno (przynajmniej!) z rodzic\u00f3w dziecka z odpisem aktu urodzenia dziecka z USC. Je\u015bli rodzice nie mieszkaj\u0105 w naszej parafii, powinni mie\u0107 ze swojej parafii zgod\u0119 na chrzest u nas.\u00a0Rodzice chrzestni\u00a0musz\u0105 posiada\u0107 w dniu chrztu ... [Przeczytaj wi\u0119cej...]\" \/>\n<meta property=\"og:url\" content=\"https:\/\/parafia-karczmiska.pl\/?page_id=22\" \/>\n<meta property=\"og:site_name\" content=\"Parafia \u015bw. Wawrzy\u0144ca w Karczmiskach\" \/>\n<meta property=\"article:modified_time\" content=\"2022-11-08T20:13:33+00:00\" \/>\n<meta name=\"twitter:card\" content=\"summary_large_image\" \/>\n<meta name=\"twitter:label1\" content=\"Szacowany czas czytania\" \/>\n\t<meta name=\"twitter:data1\" content=\"1 minuta\" \/>\n<script type=\"application\/ld+json\" class=\"yoast-schema-graph\">{\"@context\":\"https:\/\/schema.org\",\"@graph\":[{\"@type\":\"WebPage\",\"@id\":\"https:\/\/parafia-karczmiska.pl\/?page_id=22\",\"url\":\"https:\/\/parafia-karczmiska.pl\/?page_id=22\",\"name\":\"CHRZEST \u015aWI\u0118TY - Parafia \u015bw. Wawrzy\u0144ca w Karczmiskach\",\"isPartOf\":{\"@id\":\"https:\/\/parafia-karczmiska.pl\/#website\"},\"datePublished\":\"2022-11-07T19:04:28+00:00\",\"dateModified\":\"2022-11-08T20:13:33+00:00\",\"breadcrumb\":{\"@id\":\"https:\/\/parafia-karczmiska.pl\/?page_id=22#breadcrumb\"},\"inLanguage\":\"pl-PL\",\"potentialAction\":[{\"@type\":\"ReadAction\",\"target\":[\"https:\/\/parafia-karczmiska.pl\/?page_id=22\"]}]},{\"@type\":\"BreadcrumbList\",\"@id\":\"https:\/\/parafia-karczmiska.pl\/?page_id=22#breadcrumb\",\"itemListElement\":[{\"@type\":\"ListItem\",\"position\":1,\"name\":\"Strona g\u0142\u00f3wna\",\"item\":\"https:\/\/parafia-karczmiska.pl\/\"},{\"@type\":\"ListItem\",\"position\":2,\"name\":\"KANCELARIA\",\"item\":\"https:\/\/parafia-karczmiska.pl\/?page_id=13\"},{\"@type\":\"ListItem\",\"position\":3,\"name\":\"CHRZEST \u015aWI\u0118TY\"}]},{\"@type\":\"WebSite\",\"@id\":\"https:\/\/parafia-karczmiska.pl\/#website\",\"url\":\"https:\/\/parafia-karczmiska.pl\/\",\"name\":\"Parafia \u015bw. Wawrzy\u0144ca w Karczmiskach\",\"description\":\"Strona Parafii w Karczmiskach\",\"publisher\":{\"@id\":\"https:\/\/parafia-karczmiska.pl\/#organization\"},\"potentialAction\":[{\"@type\":\"SearchAction\",\"target\":{\"@type\":\"EntryPoint\",\"urlTemplate\":\"https:\/\/parafia-karczmiska.pl\/?s={search_term_string}\"},\"query-input\":{\"@type\":\"PropertyValueSpecification\",\"valueRequired\":true,\"valueName\":\"search_term_string\"}}],\"inLanguage\":\"pl-PL\"},{\"@type\":\"Organization\",\"@id\":\"https:\/\/parafia-karczmiska.pl\/#organization\",\"name\":\"Parafia \u015bw. Wawrzy\u0144ca w Karczmiskach\",\"url\":\"https:\/\/parafia-karczmiska.pl\/\",\"logo\":{\"@type\":\"ImageObject\",\"inLanguage\":\"pl-PL\",\"@id\":\"https:\/\/parafia-karczmiska.pl\/#\/schema\/logo\/image\/\",\"url\":\"https:\/\/parafia-karczmiska.pl\/wp-content\/uploads\/2022\/11\/favicon.jpg\",\"contentUrl\":\"https:\/\/parafia-karczmiska.pl\/wp-content\/uploads\/2022\/11\/favicon.jpg\",\"width\":512,\"height\":512,\"caption\":\"Parafia \u015bw. Wawrzy\u0144ca w Karczmiskach\"},\"image\":{\"@id\":\"https:\/\/parafia-karczmiska.pl\/#\/schema\/logo\/image\/\"}}]}<\/script>\n<!-- \/ Yoast SEO plugin. -->","yoast_head_json":{"title":"CHRZEST \u015aWI\u0118TY - Parafia \u015bw. Wawrzy\u0144ca w Karczmiskach","robots":{"index":"index","follow":"follow","max-snippet":"max-snippet:-1","max-image-preview":"max-image-preview:large","max-video-preview":"max-video-preview:-1"},"canonical":"https:\/\/parafia-karczmiska.pl\/?page_id=22","og_locale":"pl_PL","og_type":"article","og_title":"CHRZEST \u015aWI\u0118TY - Parafia \u015bw. Wawrzy\u0144ca w Karczmiskach","og_description":"Sakrament Chrztu \u015bwi\u0119tego udzielany jest w naszej parafii w ka\u017cd\u0105 niedziel\u0119 miesi\u0105ca. Kilka dni przed zaplanowanym chrztem do kancelarii zg\u0142asza si\u0119 jedno (przynajmniej!) z rodzic\u00f3w dziecka z odpisem aktu urodzenia dziecka z USC. Je\u015bli rodzice nie mieszkaj\u0105 w naszej parafii, powinni mie\u0107 ze swojej parafii zgod\u0119 na chrzest u nas.\u00a0Rodzice chrzestni\u00a0musz\u0105 posiada\u0107 w dniu chrztu ... [Przeczytaj wi\u0119cej...]","og_url":"https:\/\/parafia-karczmiska.pl\/?page_id=22","og_site_name":"Parafia \u015bw. Wawrzy\u0144ca w Karczmiskach","article_modified_time":"2022-11-08T20:13:33+00:00","twitter_card":"summary_large_image","twitter_misc":{"Szacowany czas czytania":"1 minuta"},"schema":{"@context":"https:\/\/schema.org","@graph":[{"@type":"WebPage","@id":"https:\/\/parafia-karczmiska.pl\/?page_id=22","url":"https:\/\/parafia-karczmiska.pl\/?page_id=22","name":"CHRZEST \u015aWI\u0118TY - Parafia \u015bw. Wawrzy\u0144ca w Karczmiskach","isPartOf":{"@id":"https:\/\/parafia-karczmiska.pl\/#website"},"datePublished":"2022-11-07T19:04:28+00:00","dateModified":"2022-11-08T20:13:33+00:00","breadcrumb":{"@id":"https:\/\/parafia-karczmiska.pl\/?page_id=22#breadcrumb"},"inLanguage":"pl-PL","potentialAction":[{"@type":"ReadAction","target":["https:\/\/parafia-karczmiska.pl\/?page_id=22"]}]},{"@type":"BreadcrumbList","@id":"https:\/\/parafia-karczmiska.pl\/?page_id=22#breadcrumb","itemListElement":[{"@type":"ListItem","position":1,"name":"Strona g\u0142\u00f3wna","item":"https:\/\/parafia-karczmiska.pl\/"},{"@type":"ListItem","position":2,"name":"KANCELARIA","item":"https:\/\/parafia-karczmiska.pl\/?page_id=13"},{"@type":"ListItem","position":3,"name":"CHRZEST \u015aWI\u0118TY"}]},{"@type":"WebSite","@id":"https:\/\/parafia-karczmiska.pl\/#website","url":"https:\/\/parafia-karczmiska.pl\/","name":"Parafia \u015bw. Wawrzy\u0144ca w Karczmiskach","description":"Strona Parafii w Karczmiskach","publisher":{"@id":"https:\/\/parafia-karczmiska.pl\/#organization"},"potentialAction":[{"@type":"SearchAction","target":{"@type":"EntryPoint","urlTemplate":"https:\/\/parafia-karczmiska.pl\/?s={search_term_string}"},"query-input":{"@type":"PropertyValueSpecification","valueRequired":true,"valueName":"search_term_string"}}],"inLanguage":"pl-PL"},{"@type":"Organization","@id":"https:\/\/parafia-karczmiska.pl\/#organization","name":"Parafia \u015bw. Wawrzy\u0144ca w Karczmiskach","url":"https:\/\/parafia-karczmiska.pl\/","logo":{"@type":"ImageObject","inLanguage":"pl-PL","@id":"https:\/\/parafia-karczmiska.pl\/#\/schema\/logo\/image\/","url":"https:\/\/parafia-karczmiska.pl\/wp-content\/uploads\/2022\/11\/favicon.jpg","contentUrl":"https:\/\/parafia-karczmiska.pl\/wp-content\/uploads\/2022\/11\/favicon.jpg","width":512,"height":512,"caption":"Parafia \u015bw. Wawrzy\u0144ca w Karczmiskach"},"image":{"@id":"https:\/\/parafia-karczmiska.pl\/#\/schema\/logo\/image\/"}}]}},"_links":{"self":[{"href":"https:\/\/parafia-karczmiska.pl\/index.php?rest_route=\/wp\/v2\/pages\/22","targetHints":{"allow":["GET"]}}],"collection":[{"href":"https:\/\/parafia-karczmiska.pl\/index.php?rest_route=\/wp\/v2\/pages"}],"about":[{"href":"https:\/\/parafia-karczmiska.pl\/index.php?rest_route=\/wp\/v2\/types\/page"}],"author":[{"embeddable":true,"href":"https:\/\/parafia-karczmiska.pl\/index.php?rest_route=\/wp\/v2\/users\/2"}],"replies":[{"embeddable":true,"href":"https:\/\/parafia-karczmiska.pl\/index.php?rest_route=%2Fwp%2Fv2%2Fcomments&post=22"}],"version-history":[{"count":4,"href":"https:\/\/parafia-karczmiska.pl\/index.php?rest_route=\/wp\/v2\/pages\/22\/revisions"}],"predecessor-version":[{"id":116,"href":"https:\/\/parafia-karczmiska.pl\/index.php?rest_route=\/wp\/v2\/pages\/22\/revisions\/116"}],"up":[{"embeddable":true,"href":"https:\/\/parafia-karczmiska.pl\/index.php?rest_route=\/wp\/v2\/pages\/13"}],"wp:attachment":[{"href":"https:\/\/parafia-karczmiska.pl\/index.php?rest_route=%2Fwp%2Fv2%2Fmedia&parent=22"}],"curies":[{"name":"wp","href":"https:\/\/api.w.org\/{rel}","templated":true}]}}