{"id":17,"date":"2022-11-07T19:57:56","date_gmt":"2022-11-07T18:57:56","guid":{"rendered":"https:\/\/parafia-karczmiska.pl\/?page_id=17"},"modified":"2023-05-10T12:27:12","modified_gmt":"2023-05-10T10:27:12","slug":"kontakt","status":"publish","type":"page","link":"https:\/\/parafia-karczmiska.pl\/?page_id=17","title":{"rendered":"KONTAKT"},"content":{"rendered":"\n<h2 class=\"wp-block-heading has-text-align-center\">Adres parafii \ud83c\udfe1<\/h2>\n\n\n\n<p class=\"has-text-align-center\"><strong>Karczmiska II, Ko\u015bcielna 1<br>Karczmiska 24-310<br>Polska<\/strong><\/p>\n\n\n\n<h2 class=\"wp-block-heading has-text-align-center\">Kontakt tel. \u260e\ufe0f<\/h2>\n\n\n\n<h3 class=\"wp-block-heading has-text-align-center\"> Kancelaria, plebania <\/h3>\n\n\n\n<p class=\"has-text-align-center\"><a href=\"tel:818287011\"><strong>81 828 70 11<\/strong><\/a><\/p>\n\n\n\n<h3 class=\"wp-block-heading has-text-align-center\">Ks. Jaros\u0142aw Wa\u015b<\/h3>\n\n\n\n<p class=\"has-text-align-center\"><strong><a href=\"http:\/\/tel\">609 111 022<\/a><\/strong><\/p>\n\n\n\n<h3 class=\"wp-block-heading has-text-align-center\">Ks. Krzysztof Chru\u015bcicki<\/h3>\n\n\n\n<p class=\"has-text-align-center\"><a href=\"http:\/\/tel\"><strong>721 010 054<\/strong><\/a><\/p>\n\n\n\n<h2 class=\"wp-block-heading has-text-align-center\">Konto parafii \ud83c\udfe6<\/h2>\n\n\n\n<p class=\"has-text-align-center\"><strong>83 8734 0008 0040 0055 2000 0010<\/strong><\/p>\n\n\n\n<h2 class=\"wp-block-heading has-text-align-center\">Parafia, ko\u015bci\u00f3\u0142 parafialny na mapie \ud83d\uddfa\ufe0f<\/h2>\n\n\n\t\t<div\n            id=\"wpmapblock_dfa83437\"\n            data-settings='{&quot;map_marker&quot;:[{&quot;lat&quot;:&quot;51.23559815698057&quot;,&quot;lng&quot;:&quot;22.002429132535866&quot;,&quot;title&quot;:&quot;&quot;,&quot;content&quot;:&quot;&quot;,&quot;iconType&quot;:&quot;default&quot;,&quot;customIconUrl&quot;:&quot;&quot;,&quot;customIconWidth&quot;:&quot;25&quot;,&quot;customIconHeight&quot;:&quot;40&quot;}],&quot;map_zoom&quot;:10,&quot;scroll_wheel_zoom&quot;:false,&quot;map_type&quot;:&quot;GM&quot;,&quot;center_index&quot;:0}'\n            class=\"wpmapblockrender\"\n            style=\"\n\t\t\twidth: 100%;\n\t\t\theight: 500px;\n\t\t\"\n            >\n        <\/div>\n        ","protected":false},"excerpt":{"rendered":"<p>Adres parafii \ud83c\udfe1 Karczmiska II, Ko\u015bcielna 1Karczmiska 24-310Polska Kontakt tel. \u260e\ufe0f Kancelaria, plebania 81 828 70 11 Ks. Jaros\u0142aw Wa\u015b 609 111 022 Ks. Krzysztof Chru\u015bcicki 721 010 054 Konto parafii \ud83c\udfe6 83 8734 0008 0040 0055 2000 0010 Parafia, ko\u015bci\u00f3\u0142 parafialny na mapie \ud83d\uddfa\ufe0f<\/p>\n","protected":false},"author":2,"featured_media":0,"parent":0,"menu_order":3,"comment_status":"closed","ping_status":"closed","template":"page-full-width.php","meta":{"footnotes":""},"class_list":["entry","page","publish","author-admin-2","post-17"],"yoast_head":"<!-- This site is optimized with the Yoast SEO plugin v27.1.1 - https:\/\/yoast.com\/product\/yoast-seo-wordpress\/ -->\n<title>KONTAKT - Parafia \u015bw. Wawrzy\u0144ca w Karczmiskach<\/title>\n<meta name=\"robots\" content=\"index, follow, max-snippet:-1, max-image-preview:large, max-video-preview:-1\" \/>\n<link rel=\"canonical\" href=\"https:\/\/parafia-karczmiska.pl\/?page_id=17\" \/>\n<meta property=\"og:locale\" content=\"pl_PL\" \/>\n<meta property=\"og:type\" content=\"article\" \/>\n<meta property=\"og:title\" content=\"KONTAKT - Parafia \u015bw. Wawrzy\u0144ca w Karczmiskach\" \/>\n<meta property=\"og:description\" content=\"Adres parafii \ud83c\udfe1 Karczmiska II, Ko\u015bcielna 1Karczmiska 24-310Polska Kontakt tel. \u260e\ufe0f Kancelaria, plebania 81 828 70 11 Ks. Jaros\u0142aw Wa\u015b 609 111 022 Ks. Krzysztof Chru\u015bcicki 721 010 054 Konto parafii \ud83c\udfe6 83 8734 0008 0040 0055 2000 0010 Parafia, ko\u015bci\u00f3\u0142 parafialny na mapie \ud83d\uddfa\ufe0f\" \/>\n<meta property=\"og:url\" content=\"https:\/\/parafia-karczmiska.pl\/?page_id=17\" \/>\n<meta property=\"og:site_name\" content=\"Parafia \u015bw. Wawrzy\u0144ca w Karczmiskach\" \/>\n<meta property=\"article:modified_time\" content=\"2023-05-10T10:27:12+00:00\" \/>\n<meta name=\"twitter:card\" content=\"summary_large_image\" \/>\n<meta name=\"twitter:label1\" content=\"Szacowany czas czytania\" \/>\n\t<meta name=\"twitter:data1\" content=\"1 minuta\" \/>\n<script type=\"application\/ld+json\" class=\"yoast-schema-graph\">{\"@context\":\"https:\/\/schema.org\",\"@graph\":[{\"@type\":\"WebPage\",\"@id\":\"https:\/\/parafia-karczmiska.pl\/?page_id=17\",\"url\":\"https:\/\/parafia-karczmiska.pl\/?page_id=17\",\"name\":\"KONTAKT - Parafia \u015bw. Wawrzy\u0144ca w Karczmiskach\",\"isPartOf\":{\"@id\":\"https:\/\/parafia-karczmiska.pl\/#website\"},\"datePublished\":\"2022-11-07T18:57:56+00:00\",\"dateModified\":\"2023-05-10T10:27:12+00:00\",\"breadcrumb\":{\"@id\":\"https:\/\/parafia-karczmiska.pl\/?page_id=17#breadcrumb\"},\"inLanguage\":\"pl-PL\",\"potentialAction\":[{\"@type\":\"ReadAction\",\"target\":[\"https:\/\/parafia-karczmiska.pl\/?page_id=17\"]}]},{\"@type\":\"BreadcrumbList\",\"@id\":\"https:\/\/parafia-karczmiska.pl\/?page_id=17#breadcrumb\",\"itemListElement\":[{\"@type\":\"ListItem\",\"position\":1,\"name\":\"Strona g\u0142\u00f3wna\",\"item\":\"https:\/\/parafia-karczmiska.pl\/\"},{\"@type\":\"ListItem\",\"position\":2,\"name\":\"KONTAKT\"}]},{\"@type\":\"WebSite\",\"@id\":\"https:\/\/parafia-karczmiska.pl\/#website\",\"url\":\"https:\/\/parafia-karczmiska.pl\/\",\"name\":\"Parafia \u015bw. Wawrzy\u0144ca w Karczmiskach\",\"description\":\"Strona Parafii w Karczmiskach\",\"publisher\":{\"@id\":\"https:\/\/parafia-karczmiska.pl\/#organization\"},\"potentialAction\":[{\"@type\":\"SearchAction\",\"target\":{\"@type\":\"EntryPoint\",\"urlTemplate\":\"https:\/\/parafia-karczmiska.pl\/?s={search_term_string}\"},\"query-input\":{\"@type\":\"PropertyValueSpecification\",\"valueRequired\":true,\"valueName\":\"search_term_string\"}}],\"inLanguage\":\"pl-PL\"},{\"@type\":\"Organization\",\"@id\":\"https:\/\/parafia-karczmiska.pl\/#organization\",\"name\":\"Parafia \u015bw. Wawrzy\u0144ca w Karczmiskach\",\"url\":\"https:\/\/parafia-karczmiska.pl\/\",\"logo\":{\"@type\":\"ImageObject\",\"inLanguage\":\"pl-PL\",\"@id\":\"https:\/\/parafia-karczmiska.pl\/#\/schema\/logo\/image\/\",\"url\":\"https:\/\/parafia-karczmiska.pl\/wp-content\/uploads\/2022\/11\/favicon.jpg\",\"contentUrl\":\"https:\/\/parafia-karczmiska.pl\/wp-content\/uploads\/2022\/11\/favicon.jpg\",\"width\":512,\"height\":512,\"caption\":\"Parafia \u015bw. Wawrzy\u0144ca w Karczmiskach\"},\"image\":{\"@id\":\"https:\/\/parafia-karczmiska.pl\/#\/schema\/logo\/image\/\"}}]}<\/script>\n<!-- \/ Yoast SEO plugin. -->","yoast_head_json":{"title":"KONTAKT - Parafia \u015bw. Wawrzy\u0144ca w Karczmiskach","robots":{"index":"index","follow":"follow","max-snippet":"max-snippet:-1","max-image-preview":"max-image-preview:large","max-video-preview":"max-video-preview:-1"},"canonical":"https:\/\/parafia-karczmiska.pl\/?page_id=17","og_locale":"pl_PL","og_type":"article","og_title":"KONTAKT - Parafia \u015bw. Wawrzy\u0144ca w Karczmiskach","og_description":"Adres parafii \ud83c\udfe1 Karczmiska II, Ko\u015bcielna 1Karczmiska 24-310Polska Kontakt tel. \u260e\ufe0f Kancelaria, plebania 81 828 70 11 Ks. Jaros\u0142aw Wa\u015b 609 111 022 Ks. Krzysztof Chru\u015bcicki 721 010 054 Konto parafii \ud83c\udfe6 83 8734 0008 0040 0055 2000 0010 Parafia, ko\u015bci\u00f3\u0142 parafialny na mapie \ud83d\uddfa\ufe0f","og_url":"https:\/\/parafia-karczmiska.pl\/?page_id=17","og_site_name":"Parafia \u015bw. Wawrzy\u0144ca w Karczmiskach","article_modified_time":"2023-05-10T10:27:12+00:00","twitter_card":"summary_large_image","twitter_misc":{"Szacowany czas czytania":"1 minuta"},"schema":{"@context":"https:\/\/schema.org","@graph":[{"@type":"WebPage","@id":"https:\/\/parafia-karczmiska.pl\/?page_id=17","url":"https:\/\/parafia-karczmiska.pl\/?page_id=17","name":"KONTAKT - Parafia \u015bw. Wawrzy\u0144ca w Karczmiskach","isPartOf":{"@id":"https:\/\/parafia-karczmiska.pl\/#website"},"datePublished":"2022-11-07T18:57:56+00:00","dateModified":"2023-05-10T10:27:12+00:00","breadcrumb":{"@id":"https:\/\/parafia-karczmiska.pl\/?page_id=17#breadcrumb"},"inLanguage":"pl-PL","potentialAction":[{"@type":"ReadAction","target":["https:\/\/parafia-karczmiska.pl\/?page_id=17"]}]},{"@type":"BreadcrumbList","@id":"https:\/\/parafia-karczmiska.pl\/?page_id=17#breadcrumb","itemListElement":[{"@type":"ListItem","position":1,"name":"Strona g\u0142\u00f3wna","item":"https:\/\/parafia-karczmiska.pl\/"},{"@type":"ListItem","position":2,"name":"KONTAKT"}]},{"@type":"WebSite","@id":"https:\/\/parafia-karczmiska.pl\/#website","url":"https:\/\/parafia-karczmiska.pl\/","name":"Parafia \u015bw. Wawrzy\u0144ca w Karczmiskach","description":"Strona Parafii w Karczmiskach","publisher":{"@id":"https:\/\/parafia-karczmiska.pl\/#organization"},"potentialAction":[{"@type":"SearchAction","target":{"@type":"EntryPoint","urlTemplate":"https:\/\/parafia-karczmiska.pl\/?s={search_term_string}"},"query-input":{"@type":"PropertyValueSpecification","valueRequired":true,"valueName":"search_term_string"}}],"inLanguage":"pl-PL"},{"@type":"Organization","@id":"https:\/\/parafia-karczmiska.pl\/#organization","name":"Parafia \u015bw. Wawrzy\u0144ca w Karczmiskach","url":"https:\/\/parafia-karczmiska.pl\/","logo":{"@type":"ImageObject","inLanguage":"pl-PL","@id":"https:\/\/parafia-karczmiska.pl\/#\/schema\/logo\/image\/","url":"https:\/\/parafia-karczmiska.pl\/wp-content\/uploads\/2022\/11\/favicon.jpg","contentUrl":"https:\/\/parafia-karczmiska.pl\/wp-content\/uploads\/2022\/11\/favicon.jpg","width":512,"height":512,"caption":"Parafia \u015bw. Wawrzy\u0144ca w Karczmiskach"},"image":{"@id":"https:\/\/parafia-karczmiska.pl\/#\/schema\/logo\/image\/"}}]}},"_links":{"self":[{"href":"https:\/\/parafia-karczmiska.pl\/index.php?rest_route=\/wp\/v2\/pages\/17","targetHints":{"allow":["GET"]}}],"collection":[{"href":"https:\/\/parafia-karczmiska.pl\/index.php?rest_route=\/wp\/v2\/pages"}],"about":[{"href":"https:\/\/parafia-karczmiska.pl\/index.php?rest_route=\/wp\/v2\/types\/page"}],"author":[{"embeddable":true,"href":"https:\/\/parafia-karczmiska.pl\/index.php?rest_route=\/wp\/v2\/users\/2"}],"replies":[{"embeddable":true,"href":"https:\/\/parafia-karczmiska.pl\/index.php?rest_route=%2Fwp%2Fv2%2Fcomments&post=17"}],"version-history":[{"count":9,"href":"https:\/\/parafia-karczmiska.pl\/index.php?rest_route=\/wp\/v2\/pages\/17\/revisions"}],"predecessor-version":[{"id":215,"href":"https:\/\/parafia-karczmiska.pl\/index.php?rest_route=\/wp\/v2\/pages\/17\/revisions\/215"}],"wp:attachment":[{"href":"https:\/\/parafia-karczmiska.pl\/index.php?rest_route=%2Fwp%2Fv2%2Fmedia&parent=17"}],"curies":[{"name":"wp","href":"https:\/\/api.w.org\/{rel}","templated":true}]}}